{"id":2429,"date":"2018-09-17T22:39:04","date_gmt":"2018-09-17T20:39:04","guid":{"rendered":"http:\/\/www.dnhs.pl\/?page_id=2429"},"modified":"2023-08-07T21:23:13","modified_gmt":"2023-08-07T19:23:13","slug":"nieruchomosci","status":"publish","type":"page","link":"http:\/\/www.dnhs.pl\/en\/nieruchomosci\/","title":{"rendered":"REAL ESTATE"},"content":{"rendered":"<div class=\"container\">Our policy of diversification of operations and stable financial situation contributed to our company\u2019s involvement in investment projects in the real estate market.<\/div>\n<div class=\"immophoto\">\n<div class=\"inforow\">\n<div class=\"infocell\" style=\"background-image: url('http:\/\/www.dnhs.pl\/wp-content\/uploads\/2018\/09\/fot5.jpg');\">&nbsp;<\/div>\n<div class=\"infocell\">\n<div class=\"container\">\n<h3>Feniks and Pegaz<\/h3>\n<p>The company's first large project is the construction of 95 apartments in two buildings, \u201cFeniks\u201d (Phoenix) and \u201cPegaz\u201d (Pegasus), located in the revitalized coastal part of \u015awinouj\u015bcie. Interesting architecture, high quality and good location made the offer highly interesting.<\/p>\n<p><a title=\"Zobacz\" href=\"http:\/\/www.apartamentnadbaltykiem.pl\" target=\"_blank\" rel=\"noopener\">www.apartamentnadbaltykiem.pl<\/a><\/p>\n<\/div>\n<\/div>\n<\/div>\n<div class=\"inforow\">\n<div class=\"infocell\" style=\"background-image: url('http:\/\/www.dnhs.pl\/wp-content\/uploads\/2018\/09\/fot6.jpg');\">&nbsp;<\/div>\n<div class=\"infocell\">\n<div class=\"container\">\n<h3>Willa Flora<\/h3>\n<p>The company\u2019s next project was opening a hotel located in a renovated, historical, early-20th century villa. A perfect location in the very heart of Szczecin and great guest reviews make this 24-room, 3-star hotel deservedly popular.<\/p>\n<p><a title=\"Zobacz\" href=\"http:\/\/www.willaflora.com.pl\" target=\"_blank\" rel=\"noopener\">www.willaflora.com.pl<\/a><\/p>\n<\/div>\n<\/div>\n<\/div>\n<div class=\"inforow\">\n<div class=\"infocell\" style=\"background-image: url('http:\/\/www.dnhs.pl\/wp-content\/uploads\/2018\/10\/foto_rondo.jpg');\">&nbsp;<\/div>\n<div class=\"infocell\">\n<div class=\"container\">\n<h3>Rondo Hakena<\/h3>\n<p>W 2017 roku zosta\u0142a powo\u0142ana sp\u00f3\u0142ka celowa \u2013 DNHS PARK, kt\u00f3rej zadaniem by\u0142a komercjalizacja nieruchomo\u015bci gruntowej po\u0142o\u017conej w zachodniej cz\u0119\u015bci Szczecina, w s\u0105siedztwie Ronda Hakena. W tej cz\u0119\u015bci miasta obecnie jest realizowanych wiele projekt\u00f3w zabudowy wielorodzinnej. W najbli\u017cszym czasie zamieszka tam kilkadziesi\u0105t tysi\u0119cy os\u00f3b. Park handlowy zlokalizowany w bezpo\u015brednim s\u0105siedztwie tych osiedli jest odpowiedzi\u0105 na przysz\u0142e potrzeby mieszka\u0144c\u00f3w.<\/p>\n<p><a title=\"Zobacz\" href=\"http:\/\/www.rondo-hakena.pl\" target=\"_blank\" rel=\"noopener\">www.rondo-hakena.pl<\/a><\/p>\n<\/div>\n<\/div>\n<\/div>\n<div class=\"inforow\">\n<div class=\"infocell\" style=\"background-image: url('http:\/\/www.dnhs.pl\/wp-content\/uploads\/2018\/09\/fot8.jpg');\">&nbsp;<\/div>\n<div class=\"infocell\">\n<div class=\"container\">\n<h3>Dobre Osiedle<\/h3>\n<p>The company's new project aimed at building more than 10 single-family, semi-detached houses. The offer is targeted at people who want to live in a close distance to Szczecin - in Dobra Szczeci\u0144ska commune. The village is known for its natural beauty, interesting landscape features and good links to the city.  It is a perfect place to live for people who like an active lifestyle. This balanced offer is an interesting proposal for those who want to change their surroundings and live far from the hustle and bustle of the city.<\/p>\n<p><a title=\"Zobacz\" href=\"http:\/\/www.dobre-osiedle.pl\" target=\"_blank\" rel=\"noopener\">www.dobre-osiedle.pl<\/a><\/p>\n<\/div>\n<\/div>\n<\/div>\n<div class=\"inforow\">\n<div class=\"infocell\" style=\"background-image: url('http:\/\/www.dnhs.pl\/wp-content\/uploads\/2018\/09\/fot9.jpg');\">&nbsp;<\/div>\n<div class=\"infocell\">\n<div class=\"container\">\n<h3>Mi\u0119dzyzdroje<\/h3>\n<p>Mi\u0119dzyzdroje \u2013 popularna miejscowo\u015b\u0107 nadmorska, zwana Per\u0142\u0105 Ba\u0142tyku, przyci\u0105ga od lat rzesze turyst\u00f3w. W bezpo\u015brednim s\u0105siedztwie jedynego na Pomorzu Zachodnim molo sp\u00f3\u0142ka realizuje kolejny obiekt apartamentowy w pasie nadmorskim. Optymalna lokalizacja i s\u0105siedztwo pla\u017cy s\u0105 niezaprzeczalnymi atutami tej nieruchomo\u015bci. Zaprojektowany obiekt b\u0119dzie posiada\u0142 161 apartament\u00f3w na pi\u0119ciu kondygnacjach. W cz\u0119\u015bci parterowej s\u0105 zaplanowane lokale z przeznaczeniem na restauracje i kawiarnie, z kt\u00f3rych go\u015bcie b\u0119d\u0105 mogli podziwia\u0107 widok polskiego morza.<\/p>\n<p><a title=\"Zobacz\" href=\"https:\/\/balticinfinity.pl\/\" target=\"_blank\" rel=\"noopener\">www.balticinfinity.pl<\/a><\/p>\n<\/div>\n<\/div>\n<\/div>\n<\/div>","protected":false},"excerpt":{"rendered":"<p>Realizowana polityka dywersyfikacji dzia\u0142alno\u015bci oraz stabilna sytuacja finansowa przyczyni\u0142y si\u0119 do zaanga\u017cowania si\u0119 sp\u00f3\u0142ki w projekty inwestycyjne na rynku nieruchomo\u015bci. &nbsp; Feniks i Pegaz Pierwszy du\u017cy projekt sp\u00f3\u0142ki to budowa &#8230;<\/p>","protected":false},"author":1,"featured_media":0,"parent":0,"menu_order":0,"comment_status":"closed","ping_status":"closed","template":"template-fullwidth-stretched.php","meta":{"_crdt_document":"","footnotes":""},"class_list":["post-2429","page","type-page","status-publish","hentry"],"_links":{"self":[{"href":"http:\/\/www.dnhs.pl\/en\/wp-json\/wp\/v2\/pages\/2429","targetHints":{"allow":["GET"]}}],"collection":[{"href":"http:\/\/www.dnhs.pl\/en\/wp-json\/wp\/v2\/pages"}],"about":[{"href":"http:\/\/www.dnhs.pl\/en\/wp-json\/wp\/v2\/types\/page"}],"author":[{"embeddable":true,"href":"http:\/\/www.dnhs.pl\/en\/wp-json\/wp\/v2\/users\/1"}],"replies":[{"embeddable":true,"href":"http:\/\/www.dnhs.pl\/en\/wp-json\/wp\/v2\/comments?post=2429"}],"version-history":[{"count":30,"href":"http:\/\/www.dnhs.pl\/en\/wp-json\/wp\/v2\/pages\/2429\/revisions"}],"predecessor-version":[{"id":3379,"href":"http:\/\/www.dnhs.pl\/en\/wp-json\/wp\/v2\/pages\/2429\/revisions\/3379"}],"wp:attachment":[{"href":"http:\/\/www.dnhs.pl\/en\/wp-json\/wp\/v2\/media?parent=2429"}],"curies":[{"name":"wp","href":"https:\/\/api.w.org\/{rel}","templated":true}]}}