{"id":2,"date":"2018-08-29T15:52:06","date_gmt":"2018-08-29T13:52:06","guid":{"rendered":"http:\/\/www.dnhs.pl\/?page_id=2"},"modified":"2023-08-07T21:16:31","modified_gmt":"2023-08-07T19:16:31","slug":"grupa-dnhs","status":"publish","type":"page","link":"http:\/\/www.dnhs.pl\/en\/grupa-dnhs\/","title":{"rendered":"DNHS"},"content":{"rendered":"<style>\n.page-header {padding-top:0;}<br \/>\n.boxabout {margin-top:-7em;}<br \/>\n.page-header:before {<br \/>\ncontent:' '; display:block; height:300px;  margin-bottom:5em;<br \/>\nbackground:no-repeat center center; background-size: cover;<br \/>\nbackground-image:url(http:\/\/www.dnhs.pl\/wp-content\/uploads\/2018\/09\/fot10.jpg);<br \/>\n}<br \/>\n<\/style>\n<div class=\"container\"><div  class=\"lgc-column lgc-grid-parent lgc-grid-65 lgc-tablet-grid-55 lgc-mobile-grid-100 lgc-equal-heights\"><div  class=\"inside-grid-column\">Sp\u00f3\u0142ka, kt\u00f3rej siedziba mie\u015bci si\u0119 w Szczecinie dzia\u0142a na rynku polskim od 1994 roku. Zosta\u0142a za\u0142o\u017cona jako&nbsp;przedstawicielstwo firmy norweskiej. W wyniku zmian w\u0142asno\u015bciowych w 2000 roku sp\u00f3\u0142ka sta\u0142a podmiotem ze&nbsp;100% udzia\u0142em kapita\u0142u polskiego.&nbsp;\n<p>&nbsp;<\/p>\n<p>In the early days of its operation the company focused on imports of pelagic fish from Norway and other Scandinavian countries.<\/p>\n<p>Ustabilizowana pozycja rynkowa oraz nawi\u0105zanie wielu nowych kontakt\u00f3w handlowych pozwoli\u0142y DNHS na&nbsp;znacz\u0105ce rozszerzenie asortymentu. Obecnie firma sprowadza opr\u00f3cz ryb pelagicznych r\u00f3\u017cne gatunki ryb&nbsp;bia\u0142ych oraz owoce morza ze wszystkich kluczowych dla bran\u017cy rybnej kraj\u00f3w.<\/p>\n<p>Wi\u0119kszo\u015b\u0107 oferowanych produkt\u00f3w jest sprzedawana na rynku polskim, pozosta\u0142a cz\u0119\u015b\u0107 trafia na inne rynki,&nbsp;g\u0142\u00f3wnie w Europie Wschodniej.<\/p>\n<p><span style=\"color: #032855; font-size: 1.15em;\">Od wielu lat DNHS konsekwentnie realizuje polityk\u0119 dywersyfikacji swojej dzia\u0142alno\u015bci. Stabilno\u015b\u0107 finansowa i&nbsp;organizacyjna oraz zdobyte do\u015bwiadczenie pozwalaj\u0105 sp\u00f3\u0142ce na anga\u017cowanie si\u0119 w nowe projekty.&nbsp;Zr\u00f3\u017cnicowany ich charakter przyczyni\u0142 si\u0119 do powstania kolejnych sp\u00f3\u0142ek, kt\u00f3re funkcjonuj\u0105 obecnie jako jedna&nbsp;grupa \u2013 <b>DNHS Group<\/b>.<\/span><\/p>\n<p><\/p><\/div><\/div>\n<\/div>\n<div  class=\"lgc-column lgc-grid-parent lgc-grid-35 lgc-tablet-grid-45 lgc-mobile-grid-100 lgc-equal-heights\"><div  class=\"inside-grid-column\">\n<div class=\"boxabout\"><b><\/b><b>COMPANY INFO<\/b>&nbsp;\n<p>&nbsp;<\/p>\n<table>\n<tbody>\n<tr>\n<td><strong>Name:<\/strong><\/td>\n<td>DNHS PUZIA KONARZEWSKI Sp. k.<\/td>\n<\/tr>\n<tr>\n<td><strong>Address:<\/strong><\/td>\n<td>ul. Celna 1, 70-644 Szczecin, Poland<\/td>\n<\/tr>\n<tr>\n<td><strong>REGON:<\/strong><\/td>\n<td>810626416<\/td>\n<\/tr>\n<tr>\n<td><strong>VAT No. (NIP)<\/strong><\/td>\n<td>8511003280<\/td>\n<\/tr>\n<tr>\n<td><strong>Court Register No. (KRS):<\/strong><\/td>\n<td>0000536350<\/td>\n<\/tr>\n<\/tbody>\n<\/table>\n<p><!--<b>\nKOMPLEMENTARIUSZ SP\u00d3\u0141KI KOMANDYTOWEJ...<\/b>\n\n\n<table>\n\n\n<tbody>\n\n\n<tr>\n\n\n<td><strong>Nazwa:<\/strong><\/td>\n\n\n\n\n<td>DNHS Sp. z o.o.<\/td>\n\n\n<\/tr>\n\n\n\n\n<tr>\n\n\n<td><strong>Adres:<\/strong><\/td>\n\n\n\n\n<td>ul. Celna 1, 70-644 Szczecin<\/td>\n\n\n<\/tr>\n\n\n\n\n<tr>\n\n\n<td><strong>REGON:<\/strong><\/td>\n\n\n\n\n<td>320803725<\/td>\n\n\n<\/tr>\n\n\n\n\n<tr>\n\n\n<td><strong>NIP:<\/strong><\/td>\n\n\n\n\n<td>8513111921<\/td>\n\n\n<\/tr>\n\n\n\n\n<tr>\n\n\n<td><strong>Nr KRS:<\/strong><\/td>\n\n\n\n\n<td>0000350159<\/td>\n\n\n<\/tr>\n\n\n\n\n<tr>\n\n\n<td><strong>Kapita\u0142 zak\u0142adowy:<\/strong><\/td>\n\n\n\n\n<td>5.000,00 z\u0142<\/td>\n\n\n<\/tr>\n\n\n<\/tbody>\n\n\n<\/table>\n\n\n--><\/p><\/div>\n<p><\/p><\/div><\/div><div class=\"lgc-clear\"><\/div>\n<p>&#8211;&gt;<\/p>","protected":false},"excerpt":{"rendered":"<p>&#8211;&gt;<\/p>","protected":false},"author":1,"featured_media":0,"parent":0,"menu_order":0,"comment_status":"closed","ping_status":"open","template":"template-fullwidth-stretched.php","meta":{"_crdt_document":"","footnotes":""},"class_list":["post-2","page","type-page","status-publish","hentry"],"_links":{"self":[{"href":"http:\/\/www.dnhs.pl\/en\/wp-json\/wp\/v2\/pages\/2","targetHints":{"allow":["GET"]}}],"collection":[{"href":"http:\/\/www.dnhs.pl\/en\/wp-json\/wp\/v2\/pages"}],"about":[{"href":"http:\/\/www.dnhs.pl\/en\/wp-json\/wp\/v2\/types\/page"}],"author":[{"embeddable":true,"href":"http:\/\/www.dnhs.pl\/en\/wp-json\/wp\/v2\/users\/1"}],"replies":[{"embeddable":true,"href":"http:\/\/www.dnhs.pl\/en\/wp-json\/wp\/v2\/comments?post=2"}],"version-history":[{"count":105,"href":"http:\/\/www.dnhs.pl\/en\/wp-json\/wp\/v2\/pages\/2\/revisions"}],"predecessor-version":[{"id":3374,"href":"http:\/\/www.dnhs.pl\/en\/wp-json\/wp\/v2\/pages\/2\/revisions\/3374"}],"wp:attachment":[{"href":"http:\/\/www.dnhs.pl\/en\/wp-json\/wp\/v2\/media?parent=2"}],"curies":[{"name":"wp","href":"https:\/\/api.w.org\/{rel}","templated":true}]}}